{"id":23,"date":"2025-04-25T14:59:04","date_gmt":"2025-04-25T14:59:04","guid":{"rendered":"https:\/\/montreal-mediation.com\/?page_id=23"},"modified":"2025-05-07T17:57:23","modified_gmt":"2025-05-07T17:57:23","slug":"about","status":"publish","type":"page","link":"https:\/\/montreal-mediation.com\/fr\/about\/","title":{"rendered":"\u00c0 Propos"},"content":{"rendered":"<h2 data-start=\"143\" data-end=\"186\"><strong>\u00c0 propos du Centre de M\u00e9diation de Montr\u00e9al<\/strong><\/h2>\n<p>Bienvenue \u00e0 notre centre de m\u00e9diation \u00e0 Montr\u00e9al \u2014 ici, ce sont les personnes concern\u00e9es qui trouvent la solution, pas les avocats.<\/p>\n<p>At Le Centre de M\u00e9diation de Montr\u00e9al, we believe there\u2019s a better way to resolve conflict \u2014 one grounded in respect, communication, and thoughtful collaboration.<\/p>\n<p><strong>Our purpose:<\/strong><\/p>\n<p>To help individuals, families, and businesses in Montreal move away from costly legal battles and toward smarter, more humane ways to resolve disputes.<\/p>\n<p>Trop souvent, les batailles juridiques \u00e9puisent le temps, l\u2019argent et l\u2019\u00e9nergie \u00e9motionnelle \u2014 sans r\u00e9ellement r\u00e9gler les probl\u00e8mes de fond. La m\u00e9diation propose une approche diff\u00e9rente : un processus collaboratif o\u00f9 chacun est \u00e9cout\u00e9, o\u00f9 les solutions sont construites ensemble, et o\u00f9 les r\u00e9sultats sont durables.<\/p>\n<h2 data-start=\"541\" data-end=\"792\"><strong>Notre Mission<\/strong><\/h2>\n<p data-start=\"799\" data-end=\"814\">Promouvoir les modes alternatifs de r\u00e9solution des conflits comme une option fiable, accessible et efficace pour r\u00e9soudre les diff\u00e9rends \u2014 sans avoir recours aux proc\u00e9dures judiciaires.<\/p>\n<p>\u00c0 Montr\u00e9al et dans les environs, nous favorisons le dialogue ouvert, la reconstruction de la confiance et une r\u00e9solution claire et sereine des conflits.<\/p>\n<h3 data-start=\"1056\" data-end=\"1072\"><strong>Notre raison d\u2019\u00eatre<\/strong><\/h3>\n<ul data-start=\"1074\" data-end=\"1356\">\n<li data-start=\"1074\" data-end=\"1145\">\n<p data-start=\"1076\" data-end=\"1145\">Rendre la r\u00e9solution des conflits moins adversariale et plus constructive.<\/p>\n<\/li>\n<li data-start=\"1146\" data-end=\"1214\">\n<p data-start=\"1148\" data-end=\"1214\">R\u00e9duire le fardeau financier et \u00e9motionnel li\u00e9 aux proc\u00e9dures judiciaires<\/p>\n<\/li>\n<li data-start=\"1215\" data-end=\"1283\">\n<p data-start=\"1217\" data-end=\"1283\">Offrir une assistance neutre et exp\u00e9riment\u00e9e dans la r\u00e9solution des diff\u00e9rends.<\/p>\n<\/li>\n<li data-start=\"1284\" data-end=\"1356\">\n<p data-start=\"1286\" data-end=\"1356\">Favoriser une culture de justice plus paisible et accessible au Qu\u00e9bec<\/p>\n<\/li>\n<\/ul>\n<h3 data-start=\"1363\" data-end=\"1379\"><strong>Notre client\u00e8le<\/strong><\/h3>\n<p data-start=\"1381\" data-end=\"1664\">Que vous soyez confront\u00e9 \u00e0 un litige immobilier, un conflit de succession, un probl\u00e8me en milieu de travail ou un diff\u00e9rend contractuel, nous sommes l\u00e0 pour vous aider.<br data-start=\"1513\" data-end=\"1516\" \/>Nos m\u00e9diateurs viennent de domaines vari\u00e9s tels que le droit, la psychologie, les affaires et la r\u00e9solution de conflits \u2014 apportant \u00e0 chaque dossier une expertise pratique et une approche humaine.<\/p>\n<h3 data-start=\"1671\" data-end=\"1708\">Un Centre engag\u00e9 envers sa communaut\u00e9<\/h3>\n<p>En tant que centre de m\u00e9diation de confiance \u00e0 Montr\u00e9al, nous aidons les gens \u00e0 trouver des solutions durables, sans passer par les tribunaux.<\/p>\n<p data-start=\"1710\" data-end=\"1978\">Nous ne sommes pas l\u00e0 uniquement pour r\u00e9gler des diff\u00e9rends \u2014 nous sommes l\u00e0 pour changer la fa\u00e7on dont les gens per\u00e7oivent le conflit. <br data-start=\"1812\" data-end=\"1815\" \/>En favorisant le dialogue plut\u00f4t que la division, et la collaboration plut\u00f4t que la confrontation, nous souhaitons rendre la r\u00e9solution des conflits plus accessible, plus efficace et plus humaine.<\/p>\n<p>\t\t\t\t\t\t\t\t\t\t\t\t\t\t\t<img loading=\"lazy\" decoding=\"async\" width=\"728\" height=\"1024\" src=\"https:\/\/montreal-mediation.com\/wp-content\/uploads\/2025\/04\/IMG_7620_800x1126-728x1024.jpeg\" alt=\"\" srcset=\"https:\/\/montreal-mediation.com\/wp-content\/uploads\/2025\/04\/IMG_7620_800x1126-728x1024.jpeg 728w, https:\/\/montreal-mediation.com\/wp-content\/uploads\/2025\/04\/IMG_7620_800x1126-213x300.jpeg 213w, https:\/\/montreal-mediation.com\/wp-content\/uploads\/2025\/04\/IMG_7620_800x1126-768x1081.jpeg 768w, https:\/\/montreal-mediation.com\/wp-content\/uploads\/2025\/04\/IMG_7620_800x1126-9x12.jpeg 9w, https:\/\/montreal-mediation.com\/wp-content\/uploads\/2025\/04\/IMG_7620_800x1126.jpeg 800w\" sizes=\"auto, (max-width: 728px) 100vw, 728px\" \/><\/p>","protected":false},"excerpt":{"rendered":"<p>About Le Centre de M\u00e9diation de Montr\u00e9al Welcome to our Montreal mediation center \u2014 where people, not lawyers, shape the outcome. At Le Centre de M\u00e9diation de Montr\u00e9al, we believe there\u2019s a better way to resolve conflict \u2014 one grounded in respect, communication, and thoughtful collaboration. Our purpose: To help individuals, families, and businesses in [&hellip;]<\/p>\n","protected":false},"author":1,"featured_media":0,"parent":0,"menu_order":0,"comment_status":"closed","ping_status":"closed","template":"","meta":{"_seopress_robots_primary_cat":"","_seopress_titles_title":"","_seopress_titles_desc":"","_seopress_robots_index":"","_monsterinsights_skip_tracking":false,"_monsterinsights_sitenote_active":false,"_monsterinsights_sitenote_note":"","_monsterinsights_sitenote_category":0,"footnotes":""},"class_list":["post-23","page","type-page","status-publish","hentry"],"_links":{"self":[{"href":"https:\/\/montreal-mediation.com\/fr\/wp-json\/wp\/v2\/pages\/23","targetHints":{"allow":["GET"]}}],"collection":[{"href":"https:\/\/montreal-mediation.com\/fr\/wp-json\/wp\/v2\/pages"}],"about":[{"href":"https:\/\/montreal-mediation.com\/fr\/wp-json\/wp\/v2\/types\/page"}],"author":[{"embeddable":true,"href":"https:\/\/montreal-mediation.com\/fr\/wp-json\/wp\/v2\/users\/1"}],"replies":[{"embeddable":true,"href":"https:\/\/montreal-mediation.com\/fr\/wp-json\/wp\/v2\/comments?post=23"}],"version-history":[{"count":26,"href":"https:\/\/montreal-mediation.com\/fr\/wp-json\/wp\/v2\/pages\/23\/revisions"}],"predecessor-version":[{"id":583,"href":"https:\/\/montreal-mediation.com\/fr\/wp-json\/wp\/v2\/pages\/23\/revisions\/583"}],"wp:attachment":[{"href":"https:\/\/montreal-mediation.com\/fr\/wp-json\/wp\/v2\/media?parent=23"}],"curies":[{"name":"wp","href":"https:\/\/api.w.org\/{rel}","templated":true}]}}