{"id":29,"date":"2025-04-25T15:03:54","date_gmt":"2025-04-25T15:03:54","guid":{"rendered":"https:\/\/montreal-mediation.com\/?page_id=29"},"modified":"2025-05-04T12:32:38","modified_gmt":"2025-05-04T12:32:38","slug":"mediation","status":"publish","type":"page","link":"https:\/\/montreal-mediation.com\/fr\/mediation\/","title":{"rendered":"M\u00e9diation"},"content":{"rendered":"<h2>La m\u00e9diation : une solution \u00e0 privil\u00e9gier<\/h2>\n<p>Whether you&#8217;re facing a real estate dispute, a latent defect, a succession issue, or a breakdown in communication around money, property, contracts, or shared responsibilities, mediation offers a clear, respectful path forward.<\/p>\n<p>\t\t\t\t\t\t\t\t\t\t\t\t\t\t\t<img loading=\"lazy\" decoding=\"async\" width=\"800\" height=\"534\" src=\"https:\/\/montreal-mediation.com\/wp-content\/uploads\/2025\/04\/0a42e4ac-b780-4a95-971c-8ad82122d9d4-1024x683.png\" alt=\"\" srcset=\"https:\/\/montreal-mediation.com\/wp-content\/uploads\/2025\/04\/0a42e4ac-b780-4a95-971c-8ad82122d9d4-1024x683.png 1024w, https:\/\/montreal-mediation.com\/wp-content\/uploads\/2025\/04\/0a42e4ac-b780-4a95-971c-8ad82122d9d4-300x200.png 300w, https:\/\/montreal-mediation.com\/wp-content\/uploads\/2025\/04\/0a42e4ac-b780-4a95-971c-8ad82122d9d4-768x512.png 768w, https:\/\/montreal-mediation.com\/wp-content\/uploads\/2025\/04\/0a42e4ac-b780-4a95-971c-8ad82122d9d4-18x12.png 18w, https:\/\/montreal-mediation.com\/wp-content\/uploads\/2025\/04\/0a42e4ac-b780-4a95-971c-8ad82122d9d4.png 1536w\" sizes=\"auto, (max-width: 800px) 100vw, 800px\" \/>\t\t\t\t\t\t\t\t\t\t\t\t\t\t\t<\/p>\n<h3 data-start=\"204\" data-end=\"422\">\u00a0La m\u00e9diation peut vous aider \u00e0 :<\/h3>\n<ul data-start=\"452\" data-end=\"823\">\n<li data-start=\"452\" data-end=\"533\">\n<p data-start=\"454\" data-end=\"533\">\u2714\ufe0f R\u00e9soudre les diff\u00e9rends plus rapidement, avec moins de stress et \u00e0 moindre co\u00fbt que devant les tribunaux.<\/p>\n<\/li>\n<li data-start=\"534\" data-end=\"602\">\n<p data-start=\"536\" data-end=\"602\">\u2714\ufe0f Cr\u00e9er des ententes durables et adapt\u00e9es \u00e0 votre r\u00e9alit\u00e9.<\/p>\n<\/li>\n<li data-start=\"603\" data-end=\"683\">\n<p data-start=\"605\" data-end=\"683\">\u2714\ufe0f Garder le contr\u00f4le du r\u00e9sultat \u2014 au lieu de laisser un juge imposer une d\u00e9cision.<\/p>\n<\/li>\n<li data-start=\"684\" data-end=\"756\">\n<p data-start=\"686\" data-end=\"756\">\u2714\ufe0f R\u00e9tablir la communication, r\u00e9duire les tensions et pr\u00e9server les relations.<\/p>\n<\/li>\n<li data-start=\"757\" data-end=\"823\">\n<p data-start=\"759\" data-end=\"823\">\u2714\ufe0f Se concentrer sur des solutions pratiques, et non sur les reproches ou les griefs pass\u00e9s.<\/p>\n<\/li>\n<\/ul>\n<h3 data-start=\"825\" data-end=\"864\">\u00a0<\/h3>\n<h3 data-start=\"825\" data-end=\"864\">Une solution plus strat\u00e9gique que le recours judiciaire<\/h3>\n<p data-start=\"866\" data-end=\"1059\">La m\u00e9diation est de plus en plus reconnue comme une m\u00e9thode pratique et humaine pour pr\u00e9venir et r\u00e9soudre les conflits. Elle est volontaire, confidentielle et ax\u00e9e sur la collaboration \u2014 et non sur la confrontation.<\/p>\n<p data-start=\"1061\" data-end=\"1266\">Vous serez accueillis dans un cadre s\u00e9curitaire et neutre avec un m\u00e9diateur form\u00e9, qui vous guidera dans vos \u00e9changes. Nous ne prenons pas parti et ne d\u00e9cidons pas \u00e0 votre place ; nous vous aidons plut\u00f4t \u00e0 explorer des solutions et \u00e0 avancer.<\/p>\n<p data-start=\"1268\" data-end=\"1298\">Ensemble, nous pouvons surmonter :<\/p>\n<ul data-start=\"1299\" data-end=\"1535\">\n<li data-start=\"1299\" data-end=\"1365\">\n<p data-start=\"1301\" data-end=\"1365\">Litiges immobiliers (vices cach\u00e9s, copropri\u00e9t\u00e9, contrats).<\/p>\n<\/li>\n<li data-start=\"1366\" data-end=\"1415\">\n<p data-start=\"1368\" data-end=\"1415\">Conflits successoraux et d\u00e9saccords familiaux.<\/p>\n<\/li>\n<li data-start=\"1416\" data-end=\"1462\">\n<p data-start=\"1418\" data-end=\"1462\">Conflits d\u2019affaires, de partenariat ou en milieu de travail.<\/p>\n<\/li>\n<li data-start=\"1463\" data-end=\"1535\">\n<p data-start=\"1465\" data-end=\"1535\">Tout diff\u00e9rend qui m\u00e9rite d\u2019\u00eatre r\u00e9solu dans un esprit de clart\u00e9, d\u2019\u00e9quit\u00e9 et de respect.<\/p>\n<\/li>\n<\/ul>\n<h2 data-start=\"168\" data-end=\"193\">\u00c0 qui s\u2019adresse la m\u00e9diation ?<\/h2>\n<p data-start=\"195\" data-end=\"347\"><strong data-start=\"195\" data-end=\"347\">La m\u00e9diation est accessible \u00e0 toute personne confront\u00e9e \u00e0 un conflit \u2014 qu\u2019il soit d\u2019ordre commercial, immobilier, successoral ou li\u00e9 \u00e0 tout autre diff\u00e9rend personnel ou professionnel.<\/strong><\/p>\n<p data-start=\"349\" data-end=\"526\">Votre parcours, votre profession ou votre situation n\u2019ont pas d\u2019importance. Si vous et l\u2019autre partie \u00eates pr\u00eats \u00e0 participer \u00e0 un processus respectueux et orient\u00e9 vers des solutions, la m\u00e9diation peut vous aider.<\/p>\n<p data-start=\"528\" data-end=\"555\"><strong data-start=\"528\" data-end=\"555\">La m\u00e9diation est id\u00e9ale pour :<\/strong><\/p>\n<ul data-start=\"556\" data-end=\"807\">\n<li data-start=\"556\" data-end=\"600\">\n<p data-start=\"558\" data-end=\"600\">Partenaires d\u2019affaires confront\u00e9s \u00e0 des d\u00e9saccords.<\/p>\n<\/li>\n<li data-start=\"601\" data-end=\"659\">\n<p data-start=\"603\" data-end=\"659\">Copropri\u00e9taires ou co-investisseurs cherchant \u00e0 r\u00e9soudre des diff\u00e9rends immobiliers.<\/p>\n<\/li>\n<li data-start=\"660\" data-end=\"717\">\n<p data-start=\"662\" data-end=\"717\">Familles confront\u00e9es \u00e0 des enjeux successoraux ou \u00e0 des questions de partage d\u2019h\u00e9ritage.<\/p>\n<\/li>\n<li data-start=\"718\" data-end=\"807\">\n<p data-start=\"720\" data-end=\"807\">Personnes faisant face \u00e0 des litiges contractuels, des conflits immobiliers ou des d\u00e9fis en milieu de travail.<\/p>\n<\/li>\n<\/ul>\n<p data-start=\"809\" data-end=\"971\">La m\u00e9diation est ouverte \u00e0 tous, quel que soit l'\u00e2ge, la nationalit\u00e9, la profession, l'identit\u00e9 ou le syst\u00e8me de croyances. La seule condition est la volont\u00e9 de trouver une solution.<\/p>\n<h2 data-start=\"978\" data-end=\"1022\">Que faire si l\u2019autre partie refuse de participer ?<\/h2>\n<p data-start=\"1024\" data-end=\"1270\">Il est courant que les personnes prises dans un conflit se sentent h\u00e9sitantes ou sur la d\u00e9fensive \u00e0 l\u2019id\u00e9e de n\u00e9gocier. Choisir la m\u00e9diation peut sembler plus difficile au d\u00e9but \u2014 mais c\u2019est presque toujours une option moins co\u00fbteuse, moins stressante et beaucoup plus rapide qu\u2019un recours aux tribunaux.<\/p>\n<p data-start=\"1024\" data-end=\"1270\">La m\u00e9diation ne fonctionne que si toutes les parties acceptent d\u2019y participer volontairement. Si l\u2019autre partie h\u00e9site, vous pouvez l\u2019inviter \u00e0 d\u00e9couvrir le processus \u2014 souvent, mieux comprendre la m\u00e9diation permet de rassurer et d'encourager la participation.<\/p>\n<p data-start=\"1512\" data-end=\"1647\">Beaucoup de personnes qui essaient la m\u00e9diation sont surprises des progr\u00e8s qu\u2019elles parviennent \u00e0 accomplir \u2014 m\u00eame sur des enjeux qui semblaient auparavant impossibles \u00e0 r\u00e9soudre.<\/p>\n<p data-start=\"1649\" data-end=\"1772\"><strong data-start=\"1649\" data-end=\"1772\">Notre exp\u00e9rience d\u00e9montre que lorsque les parties donnent une v\u00e9ritable chance \u00e0 la m\u00e9diation, plus de 85 % parviennent \u00e0 des ententes durables et significatives.<\/strong><\/p>\n<p>\t\t\t\t\t<a href=\"#\"><br \/>\n\t\t\t\t\t\t\t\t\tRemplissez le formulaire<br \/>\n\t\t\t\t\t<\/a><\/p>","protected":false},"excerpt":{"rendered":"<p>Why Chose Mediation? Whether you&#8217;re facing a real estate dispute, a latent defect, a succession issue, or a breakdown in communication around money, property, contracts, or shared responsibilities, mediation offers a clear, respectful path forward. \u00a0Mediation Can Help You: \u2714\ufe0f Resolve issues faster, with less stress and lower cost than going to court. \u2714\ufe0f Create [&hellip;]<\/p>\n","protected":false},"author":1,"featured_media":0,"parent":0,"menu_order":0,"comment_status":"closed","ping_status":"closed","template":"","meta":{"_seopress_robots_primary_cat":"","_seopress_titles_title":"","_seopress_titles_desc":"","_seopress_robots_index":"","_monsterinsights_skip_tracking":false,"_monsterinsights_sitenote_active":false,"_monsterinsights_sitenote_note":"","_monsterinsights_sitenote_category":0,"footnotes":""},"class_list":["post-29","page","type-page","status-publish","hentry"],"_links":{"self":[{"href":"https:\/\/montreal-mediation.com\/fr\/wp-json\/wp\/v2\/pages\/29","targetHints":{"allow":["GET"]}}],"collection":[{"href":"https:\/\/montreal-mediation.com\/fr\/wp-json\/wp\/v2\/pages"}],"about":[{"href":"https:\/\/montreal-mediation.com\/fr\/wp-json\/wp\/v2\/types\/page"}],"author":[{"embeddable":true,"href":"https:\/\/montreal-mediation.com\/fr\/wp-json\/wp\/v2\/users\/1"}],"replies":[{"embeddable":true,"href":"https:\/\/montreal-mediation.com\/fr\/wp-json\/wp\/v2\/comments?post=29"}],"version-history":[{"count":25,"href":"https:\/\/montreal-mediation.com\/fr\/wp-json\/wp\/v2\/pages\/29\/revisions"}],"predecessor-version":[{"id":353,"href":"https:\/\/montreal-mediation.com\/fr\/wp-json\/wp\/v2\/pages\/29\/revisions\/353"}],"wp:attachment":[{"href":"https:\/\/montreal-mediation.com\/fr\/wp-json\/wp\/v2\/media?parent=29"}],"curies":[{"name":"wp","href":"https:\/\/api.w.org\/{rel}","templated":true}]}}