{"id":33,"date":"2025-04-25T15:04:45","date_gmt":"2025-04-25T15:04:45","guid":{"rendered":"https:\/\/montreal-mediation.com\/?page_id=33"},"modified":"2025-05-14T11:56:25","modified_gmt":"2025-05-14T11:56:25","slug":"contact","status":"publish","type":"page","link":"https:\/\/montreal-mediation.com\/fr\/contact\/","title":{"rendered":"Contactez-nous"},"content":{"rendered":"<h2>FORMULAIRE DE CONSULTATION<\/h2>\n<p>Veuillez remplir ce formulaire confidentiel avant votre consultation. Toutes les informations seront trait\u00e9es de mani\u00e8re s\u00e9curis\u00e9e.\u00a0<\/p>","protected":false},"excerpt":{"rendered":"<p>CONSULTATION FORM Please fill out this confidential form before your consultation. All information will be handled securely.\u00a0<\/p>","protected":false},"author":1,"featured_media":0,"parent":0,"menu_order":0,"comment_status":"closed","ping_status":"closed","template":"","meta":{"_seopress_robots_primary_cat":"","_seopress_titles_title":"","_seopress_titles_desc":"","_seopress_robots_index":"","_monsterinsights_skip_tracking":false,"_monsterinsights_sitenote_active":false,"_monsterinsights_sitenote_note":"","_monsterinsights_sitenote_category":0,"footnotes":""},"class_list":["post-33","page","type-page","status-publish","hentry"],"_links":{"self":[{"href":"https:\/\/montreal-mediation.com\/fr\/wp-json\/wp\/v2\/pages\/33","targetHints":{"allow":["GET"]}}],"collection":[{"href":"https:\/\/montreal-mediation.com\/fr\/wp-json\/wp\/v2\/pages"}],"about":[{"href":"https:\/\/montreal-mediation.com\/fr\/wp-json\/wp\/v2\/types\/page"}],"author":[{"embeddable":true,"href":"https:\/\/montreal-mediation.com\/fr\/wp-json\/wp\/v2\/users\/1"}],"replies":[{"embeddable":true,"href":"https:\/\/montreal-mediation.com\/fr\/wp-json\/wp\/v2\/comments?post=33"}],"version-history":[{"count":19,"href":"https:\/\/montreal-mediation.com\/fr\/wp-json\/wp\/v2\/pages\/33\/revisions"}],"predecessor-version":[{"id":270,"href":"https:\/\/montreal-mediation.com\/fr\/wp-json\/wp\/v2\/pages\/33\/revisions\/270"}],"wp:attachment":[{"href":"https:\/\/montreal-mediation.com\/fr\/wp-json\/wp\/v2\/media?parent=33"}],"curies":[{"name":"wp","href":"https:\/\/api.w.org\/{rel}","templated":true}]}}