{"id":456,"date":"2025-05-28T18:57:31","date_gmt":"2025-05-28T18:57:31","guid":{"rendered":"https:\/\/montreal-mediation.com\/?page_id=456"},"modified":"2025-05-28T19:00:27","modified_gmt":"2025-05-28T19:00:27","slug":"cm%c2%b2-litige","status":"publish","type":"page","link":"https:\/\/montreal-mediation.com\/fr\/cm%c2%b2-litige\/","title":{"rendered":"CM\u00b2 &#8211; Litige"},"content":{"rendered":"<h2>Parfois, un avocat est tout simplement n\u00e9cessaire.<\/h2>\n<p data-start=\"215\" data-end=\"384\">Au Centre de M\u00e9diation de Montr\u00e9al, nous croyons \u00e0 la r\u00e9solution des conflits par le dialogue \u2014 mais nous savons aussi que certaines situations ne peuvent pas toujours \u00eatre r\u00e9gl\u00e9es autour d\u2019une table.<\/p>\n<p data-start=\"386\" data-end=\"594\">C\u2019est pourquoi nous avons cr\u00e9\u00e9 CM\u00b2 \u2013 Litige, notre division d\u00e9di\u00e9e au soutien juridique et aux litiges. Que vous soyez d\u00e9j\u00e0 engag\u00e9 dans un diff\u00e9rend juridique ou que vous envisagiez vos options, nous vous aiderons \u00e0 obtenir rapidement les bons conseils juridiques.\u00a0<\/p>\n<h2>Comment CM\u00b2 \u2013 Litige peut vous aider<\/h2>\n<p data-start=\"1017\" data-end=\"1225\">CM\u00b2 \u2013 Litige will connect you to our team of reliable, experienced legal professionals. As a lawyer, mediator and arbitrator, I built this division to give clients a practical bridge between conflict resolution and legal action.<\/p>\n<p data-start=\"1227\" data-end=\"1311\">We don\u2019t overcomplicate \u2014 we guide, explain, and help you move forward and feel good about your decision.<\/p>\n<p>.<\/p>\n<h2>Appelez-nous gratuitement pour en parler. <\/h2>\n<p>Discutons de vos options, sans pression ni engagement.<br data-start=\"1412\" data-end=\"1415\" \/>-Comprenez vos droits<br data-start=\"1434\" data-end=\"1437\" \/>-Explorez vos options<br data-start=\"1463\" data-end=\"1466\" \/>-\u00c9vitez les erreurs co\u00fbteuses<\/p>\n<p><strong>Ne faites pas face \u00e0 cette situation seul. <\/strong><\/p>\n<p>\t\t\t\t\t<a href=\"https:\/\/montreal-mediation.com\/fr\/contact\/\"><br \/>\n\t\t\t\t\t\t\t\t\tCommencez ici<br \/>\n\t\t\t\t\t<\/a><br \/>\n\t\t\t\t\t\t\t\t\t\t\t\t\t\t\t<img loading=\"lazy\" decoding=\"async\" width=\"293\" height=\"300\" src=\"https:\/\/montreal-mediation.com\/wp-content\/uploads\/2025\/05\/IMG_7619_780x800-293x300.jpeg\" alt=\"\" srcset=\"https:\/\/montreal-mediation.com\/wp-content\/uploads\/2025\/05\/IMG_7619_780x800-293x300.jpeg 293w, https:\/\/montreal-mediation.com\/wp-content\/uploads\/2025\/05\/IMG_7619_780x800-768x788.jpeg 768w, https:\/\/montreal-mediation.com\/wp-content\/uploads\/2025\/05\/IMG_7619_780x800-12x12.jpeg 12w, https:\/\/montreal-mediation.com\/wp-content\/uploads\/2025\/05\/IMG_7619_780x800.jpeg 780w\" sizes=\"auto, (max-width: 293px) 100vw, 293px\" \/><\/p>","protected":false},"excerpt":{"rendered":"<p>Sometimes You Just Need a Lawyer. At Le Centre de M\u00e9diation de Montr\u00e9al, we believe in resolving conflict through conversation \u2014 but we also know that not every situation can be settled at the table. That\u2019s why we created CM\u00b2 &#8211; Litige, our litigation and legal support division. Whether you&#8217;re already in a legal dispute [&hellip;]<\/p>\n","protected":false},"author":1,"featured_media":0,"parent":0,"menu_order":0,"comment_status":"closed","ping_status":"closed","template":"","meta":{"_seopress_robots_primary_cat":"","_seopress_titles_title":"","_seopress_titles_desc":"","_seopress_robots_index":"","_monsterinsights_skip_tracking":false,"_monsterinsights_sitenote_active":false,"_monsterinsights_sitenote_note":"","_monsterinsights_sitenote_category":0,"footnotes":""},"class_list":["post-456","page","type-page","status-publish","hentry"],"_links":{"self":[{"href":"https:\/\/montreal-mediation.com\/fr\/wp-json\/wp\/v2\/pages\/456","targetHints":{"allow":["GET"]}}],"collection":[{"href":"https:\/\/montreal-mediation.com\/fr\/wp-json\/wp\/v2\/pages"}],"about":[{"href":"https:\/\/montreal-mediation.com\/fr\/wp-json\/wp\/v2\/types\/page"}],"author":[{"embeddable":true,"href":"https:\/\/montreal-mediation.com\/fr\/wp-json\/wp\/v2\/users\/1"}],"replies":[{"embeddable":true,"href":"https:\/\/montreal-mediation.com\/fr\/wp-json\/wp\/v2\/comments?post=456"}],"version-history":[{"count":17,"href":"https:\/\/montreal-mediation.com\/fr\/wp-json\/wp\/v2\/pages\/456\/revisions"}],"predecessor-version":[{"id":475,"href":"https:\/\/montreal-mediation.com\/fr\/wp-json\/wp\/v2\/pages\/456\/revisions\/475"}],"wp:attachment":[{"href":"https:\/\/montreal-mediation.com\/fr\/wp-json\/wp\/v2\/media?parent=456"}],"curies":[{"name":"wp","href":"https:\/\/api.w.org\/{rel}","templated":true}]}}