{"id":5,"date":"2025-04-25T13:24:29","date_gmt":"2025-04-25T13:24:29","guid":{"rendered":"https:\/\/montreal-mediation.com\/sample-home-page\/"},"modified":"2025-07-29T23:14:56","modified_gmt":"2025-07-29T23:14:56","slug":"home","status":"publish","type":"page","link":"https:\/\/montreal-mediation.com\/fr\/","title":{"rendered":"Acceuil"},"content":{"rendered":"<h2>Vice cach\u00e9? R\u00e9novation rat\u00e9e? Conflit immobilier? <\/h2>\n<h2>Le Centre de M\u00e9diation de Montr\u00e9al aide \u00e0 r\u00e9soudre les conflits li\u00e9s aux vices cach\u00e9s, aux probl\u00e8mes avec les entrepreneurs, aux troubles de voisinage et aux diff\u00e9rends immobiliers, de fa\u00e7on simple, respectueuse et efficace.<\/h2>\n<p>\t\t\t\t\t<a href=\"https:\/\/montreal-mediation.com\/fr\/contact\/\"><br \/>\n\t\t\t\t\t\t\t\t\tContactez-Nous<br \/>\n\t\t\t\t\t<\/a><\/p>\n<h2>R\u00e9soudre un Conflit ne Devrait pas N\u00e9cessiter un Juge.<\/h2>\n<p>Au Centre de M\u00e9diation de Montr\u00e9al, nous sommes sp\u00e9cialis\u00e9s dans la r\u00e9solution des conflits immobiliers, notamment les r\u00e9clamations pour vices cach\u00e9s, les litiges avec les entrepreneurs, les troubles de voisinage et les probl\u00e8mes de copropri\u00e9t\u00e9.<\/p>\n<p>Que vous soyez acheteur, vendeur, entrepreneur ou r\u00e9novateur, nous vous aidons \u00e0 trouver des solutions sans les co\u00fbts et le stress li\u00e9s aux tribunaux. Nos m\u00e9diateurs et professionnels du droit comprennent la complexit\u00e9 du droit immobilier au Qu\u00e9bec et sont l\u00e0 pour vous aider \u00e0 aller de l\u2019avant.<\/p>\n<h2>\u00c9tape 1<\/h2>\n<p><strong>Consultation gratuite pour litiges immobiliers<\/strong><\/p>\n<p>Prenez rendez-vous pour un appel de 15 minutes et discutons de vos besoins.<\/p>\n<h2>\u00c9tape 2<\/h2>\n<p><strong>S\u00e9ance(s) de m\u00e9diation pour vice cach\u00e9, litiges avec des entrepreneurs et plus<\/strong><\/p>\n<p>En ligne ou en personne, nous travaillons ensemble pour r\u00e9soudre votre conflit.<\/p>\n<h2>\u00c9tape 3<\/h2>\n<p><strong>R\u00e9solution et prochaines \u00e9tapes : R\u00e9daction d\u2019ententes pour r\u00e9soudre les conflits immobiliers<\/strong><\/p>\n<p>Nous r\u00e9digeons vos ententes et vous accompagnons pour aller de l\u2019avant.<\/p>\n<p>\t\t\t\t\t<a href=\"https:\/\/montreal-mediation.com\/fr\/contact\/\"><br \/>\n\t\t\t\t\t\t\t\t\tPrendre Rendez-Vous<br \/>\n\t\t\t\t\t<\/a><\/p>","protected":false},"excerpt":{"rendered":"<p>Vice Cach\u00e9? Renovation Gone Wrong? Real Estate Dispute? Le Centre de M\u00e9diation de Montr\u00e9al helps resolve conflicts involving vice cach\u00e9s (latent defects), contractor issues, neighbour troubles and property disputes simply, respectfully, and effectively. Contact Us Because Resolving Conflict Shouldn\u2019t Require A Judge. At Le Centre de M\u00e9diation de Montr\u00e9al, we specialize in resolving real estate [&hellip;]<\/p>\n","protected":false},"author":1,"featured_media":0,"parent":0,"menu_order":0,"comment_status":"closed","ping_status":"closed","template":"","meta":{"_seopress_robots_primary_cat":"","_seopress_titles_title":"Le Centre de M\u00e9diation de Montr\u00e9al | Real Estate & Conflict Resolution","_seopress_titles_desc":"Le Centre de M\u00e9diation de Montr\u00e9al helps homeowners resolve conflicts over vice cach\u00e9, contractor issues, and co-ownership disputes without going to court.","_seopress_robots_index":"","_monsterinsights_skip_tracking":false,"_monsterinsights_sitenote_active":false,"_monsterinsights_sitenote_note":"","_monsterinsights_sitenote_category":0,"footnotes":""},"class_list":["post-5","page","type-page","status-publish","hentry"],"_links":{"self":[{"href":"https:\/\/montreal-mediation.com\/fr\/wp-json\/wp\/v2\/pages\/5","targetHints":{"allow":["GET"]}}],"collection":[{"href":"https:\/\/montreal-mediation.com\/fr\/wp-json\/wp\/v2\/pages"}],"about":[{"href":"https:\/\/montreal-mediation.com\/fr\/wp-json\/wp\/v2\/types\/page"}],"author":[{"embeddable":true,"href":"https:\/\/montreal-mediation.com\/fr\/wp-json\/wp\/v2\/users\/1"}],"replies":[{"embeddable":true,"href":"https:\/\/montreal-mediation.com\/fr\/wp-json\/wp\/v2\/comments?post=5"}],"version-history":[{"count":25,"href":"https:\/\/montreal-mediation.com\/fr\/wp-json\/wp\/v2\/pages\/5\/revisions"}],"predecessor-version":[{"id":699,"href":"https:\/\/montreal-mediation.com\/fr\/wp-json\/wp\/v2\/pages\/5\/revisions\/699"}],"wp:attachment":[{"href":"https:\/\/montreal-mediation.com\/fr\/wp-json\/wp\/v2\/media?parent=5"}],"curies":[{"name":"wp","href":"https:\/\/api.w.org\/{rel}","templated":true}]}}