{"id":540,"date":"2025-06-05T19:12:37","date_gmt":"2025-06-05T19:12:37","guid":{"rendered":"https:\/\/montreal-mediation.com\/?page_id=540"},"modified":"2025-12-30T01:51:44","modified_gmt":"2025-12-30T01:51:44","slug":"leadership","status":"publish","type":"page","link":"https:\/\/montreal-mediation.com\/fr\/leadership\/","title":{"rendered":"\u00c9quipe de Direction"},"content":{"rendered":"<h1>\u00c9quipe de direction<\/h1>\n<p><img loading=\"lazy\" decoding=\"async\" src=\"https:\/\/montreal-mediation.com\/wp-content\/uploads\/2025\/05\/IMG_7619_780x800-293x300.jpeg\" sizes=\"auto, (max-width: 293px) 100vw, 293px\" srcset=\"https:\/\/montreal-mediation.com\/wp-content\/uploads\/2025\/05\/IMG_7619_780x800-293x300.jpeg 293w, https:\/\/montreal-mediation.com\/wp-content\/uploads\/2025\/05\/IMG_7619_780x800-768x788.jpeg 768w, https:\/\/montreal-mediation.com\/wp-content\/uploads\/2025\/05\/IMG_7619_780x800-12x12.jpeg 12w, https:\/\/montreal-mediation.com\/wp-content\/uploads\/2025\/05\/IMG_7619_780x800.jpeg 780w\" alt=\"\" width=\"293\" height=\"300\" \/><\/p>\n<h2>Lori Posluns,<br \/>\nManaging Partner General Counsel and Business Advisory Services<\/h2>\n<p data-start=\"310\" data-end=\"735\">Avocate de formation et dirigeante d\u2019entreprise par exp\u00e9rience, Lori a entam\u00e9 sa carri\u00e8re juridique il y a plus de 20 ans en litige civil g\u00e9n\u00e9ral, avec un accent particulier sur les diff\u00e9rends immobiliers, les litiges en mati\u00e8re de construction et les r\u00e9clamations pour vices cach\u00e9s. Son parcours en litige l\u2019a men\u00e9e \u00e0 occuper des postes de haute direction, notamment celui de chef des affaires juridiques, puis de chef de l\u2019exploitation d\u2019une entreprise mondiale de courtage en transport g\u00e9n\u00e9rant plus d\u2019un milliard de dollars en revenus annuels.<\/p>\n<p data-start=\"737\" data-end=\"1200\">Lori poss\u00e8de une expertise approfondie dans les secteurs du transport, de la construction et de l\u2019immobilier, ce qui lui permet d\u2019accompagner les entreprises dans des enjeux op\u00e9rationnels, r\u00e9glementaires et transfrontaliers complexes. Elle a dirig\u00e9 avec succ\u00e8s des initiatives d\u2019expansion internationale, ouvert de nouvelles succursales \u00e0 l\u2019\u00e9tranger et g\u00e9r\u00e9 des \u00e9quipes \u00e0 l\u2019\u00e9chelle mondiale. Aujourd\u2019hui, elle agit comme partenaire strat\u00e9gique pour les entreprises souhaitant s\u2019\u00e9tablir au Canada ou se d\u00e9velopper \u00e0 l\u2019international, en offrant des services-conseils juridiques et commerciaux.<\/p>\n<p data-start=\"1202\" data-end=\"1483\">She now provides fractional General Counsel services and strategic business consulting to organizations seeking proactive, solutions-driven support without the cost of a full-time hire. Her work focuses on risk prevention, governance, compliance, and operational alignment.<\/p>\n<p data-start=\"1485\" data-end=\"1827\">In addition, Lori offers alternative dispute resolution services, including mediation and arbitration. Her real estate practice remains active, supporting individuals, developers, and businesses in resolving disputes related to latent defects, construction conflicts, and other property-related matters with both efficiency and foresight.<\/p>\n<p data-start=\"1829\" data-end=\"2026\">She is the author of several real estate books regarding Latent Defects, neighbour disputes, co-property issues and more, trusted by property owners, real estate professionals, and legal practitioners seeking practical insights into this complex area of law.<\/p>\n<p data-start=\"2295\" data-end=\"2600\">As Founder of the Centre de M\u00e9diation de Montr\u00e9al, Lori is equally committed to public education and the promotion of mediation as a smart, dignified alternative to litigation. Known for her clarity, calm, and sharp business instincts, she helps clients stay out of court and ahead of problems.<\/p>","protected":false},"excerpt":{"rendered":"<p>Meet Our Leadership Lori Posluns, Managing Partner General Counsel and Business Advisory Services A lawyer by training and a business leader by experience, Lori began her legal career over 20 years ago in general civil litigation, with a particular focus on real estate disputes, construction matters, and latent defect claims. Her strong litigation background led [&hellip;]<\/p>\n","protected":false},"author":1,"featured_media":0,"parent":0,"menu_order":0,"comment_status":"closed","ping_status":"closed","template":"","meta":{"_seopress_robots_primary_cat":"","_seopress_titles_title":"","_seopress_titles_desc":"","_seopress_robots_index":"","_monsterinsights_skip_tracking":false,"_monsterinsights_sitenote_active":false,"_monsterinsights_sitenote_note":"","_monsterinsights_sitenote_category":0,"footnotes":""},"class_list":["post-540","page","type-page","status-publish","hentry"],"_links":{"self":[{"href":"https:\/\/montreal-mediation.com\/fr\/wp-json\/wp\/v2\/pages\/540","targetHints":{"allow":["GET"]}}],"collection":[{"href":"https:\/\/montreal-mediation.com\/fr\/wp-json\/wp\/v2\/pages"}],"about":[{"href":"https:\/\/montreal-mediation.com\/fr\/wp-json\/wp\/v2\/types\/page"}],"author":[{"embeddable":true,"href":"https:\/\/montreal-mediation.com\/fr\/wp-json\/wp\/v2\/users\/1"}],"replies":[{"embeddable":true,"href":"https:\/\/montreal-mediation.com\/fr\/wp-json\/wp\/v2\/comments?post=540"}],"version-history":[{"count":23,"href":"https:\/\/montreal-mediation.com\/fr\/wp-json\/wp\/v2\/pages\/540\/revisions"}],"predecessor-version":[{"id":718,"href":"https:\/\/montreal-mediation.com\/fr\/wp-json\/wp\/v2\/pages\/540\/revisions\/718"}],"wp:attachment":[{"href":"https:\/\/montreal-mediation.com\/fr\/wp-json\/wp\/v2\/media?parent=540"}],"curies":[{"name":"wp","href":"https:\/\/api.w.org\/{rel}","templated":true}]}}