{"id":571,"date":"2025-06-29T11:36:05","date_gmt":"2025-06-29T11:36:05","guid":{"rendered":"https:\/\/montreal-mediation.com\/?page_id=571"},"modified":"2025-08-23T00:26:36","modified_gmt":"2025-08-23T00:26:36","slug":"real-estate-disputes-quebec","status":"publish","type":"page","link":"https:\/\/montreal-mediation.com\/fr\/real-estate-disputes-quebec\/","title":{"rendered":"Books Landing Page"},"content":{"rendered":"<h2>Guides juridiques pour les litiges immobiliers au Qu\u00e9bec : vice cach\u00e9, conflits avec entrepreneurs, conflits de voisinage et copropri\u00e9t\u00e9<\/h2>\n<p>D\u00e9couvrez des guides juridiques pratiques con\u00e7us pour les propri\u00e9taires, acheteurs, vendeurs, r\u00e9novateurs et copropri\u00e9taires partout au Qu\u00e9bec. Que vous soyez confront\u00e9 \u00e0 un vice cach\u00e9, \u00e0 un entrepreneur difficile ou \u00e0 un diff\u00e9rend en copropri\u00e9t\u00e9, ces ouvrages offrent des conseils d\u2019expert pour vous aider \u00e0 r\u00e9gler vos conflits sans passer par les tribunaux.<\/p>\n<p>\t\t\t\t\t\t\t\t\t\t\t\t\t\t\t<img loading=\"lazy\" decoding=\"async\" width=\"202\" height=\"300\" src=\"https:\/\/montreal-mediation.com\/wp-content\/uploads\/2025\/08\/Screenshot-2025-08-12-at-8.08.16-AM.png\" alt=\"Book cover for \u201cFrom Conflict to Conversation\u201d by Lori Posluns \u2013 Quebec legal guide to latent defects (vice cach\u00e9) and real estate mediation\" srcset=\"https:\/\/montreal-mediation.com\/wp-content\/uploads\/2025\/08\/Screenshot-2025-08-12-at-8.08.16-AM.png 786w, https:\/\/montreal-mediation.com\/wp-content\/uploads\/2025\/08\/Screenshot-2025-08-12-at-8.08.16-AM-203x300.png 203w, https:\/\/montreal-mediation.com\/wp-content\/uploads\/2025\/08\/Screenshot-2025-08-12-at-8.08.16-AM-694x1024.png 694w, https:\/\/montreal-mediation.com\/wp-content\/uploads\/2025\/08\/Screenshot-2025-08-12-at-8.08.16-AM-768x1133.png 768w, https:\/\/montreal-mediation.com\/wp-content\/uploads\/2025\/08\/Screenshot-2025-08-12-at-8.08.16-AM-8x12.png 8w\" sizes=\"auto, (max-width: 202px) 100vw, 202px\" \/>\t\t\t\t\t\t\t\t\t\t\t\t\t\t\t<\/p>\n<p><b>Vous avez achet\u00e9 ou vendu une maison avec un vice cach\u00e9 ?<\/b><b><\/b><\/p>\n<blockquote>\n<p>Learn how to handle vice cach\u00e9 claims in\u00a0Quebec real estate protect your rights and avoid costly litigation with practical tools and legal insights.<\/p>\n<\/blockquote>\n<p>\t\t\t\t\t<a href=\"https:\/\/www.amazon.ca\/Conflict-Conversation-Homeowners-Resolving-Defects\/dp\/B0FCRSZ9BF\/ref=sr_1_3?crid=1KPQXQHLX50IN&#038;dib=eyJ2IjoiMSJ9.fFNcV4ITOkAIj19H_qQg77IbIrAWPzmJQQ05iMyEoutOYh8lzTcLnDcyzPPgPoc4EBssbw0ykmkXasnphsgGcu4eAsNWBrDhaugAYlE3AYY.3wAO_T0DDjEoduH7U_xRBsU_hzXBjku73OVK9sa7aro&#038;dib_tag=se&#038;keywords=lori+posluns&#038;qid=1753556835&#038;sprefix=%2Caps%2C69&#038;sr=8-3\"><br \/>\n\t\t\t\t\t\t\t\t\tObtenez le guide<br \/>\n\t\t\t\t\t<\/a><br \/>\n\t\t\t\t\t\t\t\t\t\t\t\t\t\t\t<img loading=\"lazy\" decoding=\"async\" width=\"202\" height=\"300\" src=\"https:\/\/montreal-mediation.com\/wp-content\/uploads\/2025\/08\/Screenshot-2025-08-12-at-8.06.54-AM.png\" alt=\"Book cover for \u201cContractor Chaos\u201d by Lori Posluns \u2013 Quebec legal guide for renovation and contractor disputes in Quebec\" srcset=\"https:\/\/montreal-mediation.com\/wp-content\/uploads\/2025\/08\/Screenshot-2025-08-12-at-8.06.54-AM.png 800w, https:\/\/montreal-mediation.com\/wp-content\/uploads\/2025\/08\/Screenshot-2025-08-12-at-8.06.54-AM-207x300.png 207w, https:\/\/montreal-mediation.com\/wp-content\/uploads\/2025\/08\/Screenshot-2025-08-12-at-8.06.54-AM-706x1024.png 706w, https:\/\/montreal-mediation.com\/wp-content\/uploads\/2025\/08\/Screenshot-2025-08-12-at-8.06.54-AM-768x1114.png 768w, https:\/\/montreal-mediation.com\/wp-content\/uploads\/2025\/08\/Screenshot-2025-08-12-at-8.06.54-AM-8x12.png 8w\" sizes=\"auto, (max-width: 202px) 100vw, 202px\" \/>\t\t\t\t\t\t\t\t\t\t\t\t\t\t\t<\/p>\n<p><strong>Probl\u00e8mes de r\u00e9novation ou diff\u00e9rends avec un entrepreneur au Qu\u00e9bec ?<\/strong><\/p>\n<p>D\u00e9couvrez des outils juridiques pour g\u00e9rer les conflits de r\u00e9novation, pr\u00e9venir les arnaques d\u2019entrepreneurs et garder le contr\u00f4le de votre projet de construction avant que les probl\u00e8mes ne surviennent.<\/p>\n<p>\t\t\t\t\t<a href=\"https:\/\/www.amazon.ca\/Contractor-Chaos-Protect-Before-Renovate\/dp\/B0FFZFC1BP\/ref=sr_1_3?crid=1WGGFFI9DIIA2&#038;dib=eyJ2IjoiMSJ9.wMxDTlcD2pbEb2hpkHOwkpon-WL2y1m91fbaS-uRJ8vGjHj071QN20LucGBJIEps.pb3z_AgkQLzhx44cCIwMgov_4mzP4xOgdk9OHVKQC20&#038;dib_tag=se&#038;keywords=lori+posluns&#038;qid=1751196586&#038;sprefix=lori+posluns%2Caps%2C179&#038;sr=8-3\"><br \/>\n\t\t\t\t\t\t\t\t\tVoir les d\u00e9tails<br \/>\n\t\t\t\t\t<\/a><br \/>\n\t\t\t\t\t\t\t\t\t\t\t\t\t\t\t<img loading=\"lazy\" decoding=\"async\" width=\"202\" height=\"300\" src=\"https:\/\/montreal-mediation.com\/wp-content\/uploads\/2025\/06\/Screenshot-2025-06-27-at-3.54.55\u202fPM-202x300.png\" alt=\"Book cover for \u201cShared Walls, Divided Opinions\u201d by Lori Posluns \u2013 Quebec legal guide for co-ownership and divided\/undivided property disputes\" srcset=\"https:\/\/montreal-mediation.com\/wp-content\/uploads\/2025\/06\/Screenshot-2025-06-27-at-3.54.55\u202fPM-202x300.png 202w, https:\/\/montreal-mediation.com\/wp-content\/uploads\/2025\/06\/Screenshot-2025-06-27-at-3.54.55\u202fPM-691x1024.png 691w, https:\/\/montreal-mediation.com\/wp-content\/uploads\/2025\/06\/Screenshot-2025-06-27-at-3.54.55\u202fPM-8x12.png 8w, https:\/\/montreal-mediation.com\/wp-content\/uploads\/2025\/06\/Screenshot-2025-06-27-at-3.54.55\u202fPM.png 762w\" sizes=\"auto, (max-width: 202px) 100vw, 202px\" \/>\t\t\t\t\t\t\t\t\t\t\t\t\t\t\t<\/p>\n<p><strong>Vous faites face \u00e0 un conflit de copropri\u00e9t\u00e9 dans un condo ou un immeuble \u00e0 logements multiples au Qu\u00e9bec ?<\/strong><\/p>\n<p>Navigate shared property disputes with confidence, this legal guide covers repairs, budgets, and ownership exits for co-owners of condos, duplexes, and triplexes in Quebec.<\/p>\n<p>\t\t\t\t\t<a href=\"https:\/\/www.amazon.ca\/dp\/B0FG19Y32J\/ref=sr_1_2?crid=1WGGFFI9DIIA2&#038;dib=eyJ2IjoiMSJ9.wMxDTlcD2pbEb2hpkHOwkpon-WL2y1m91fbaS-uRJ8vGjHj071QN20LucGBJIEps.pb3z_AgkQLzhx44cCIwMgov_4mzP4xOgdk9OHVKQC20&#038;dib_tag=se&#038;keywords=lori+posluns&#038;qid=1751196586&#038;sprefix=lori+posluns%2Caps%2C179&#038;sr=8-2\"><br \/>\n\t\t\t\t\t\t\t\t\tVoir les d\u00e9tails<br \/>\n\t\t\t\t\t<\/a><br \/>\n\t\t\t\t\t\t\t\t\t\t\t\t\t\t\t<img loading=\"lazy\" decoding=\"async\" width=\"198\" height=\"300\" src=\"https:\/\/montreal-mediation.com\/wp-content\/uploads\/2025\/08\/Screenshot-2025-08-12-at-8.04.16-AM.png\" alt=\"Neighbour Nuisances, Legal Tools for Everyday Disputes&quot; by Lori Posluns, showing cartoon neighbours arguing over a fence, a practical legal guide to resolving common property and noise issues in Quebec.\" srcset=\"https:\/\/montreal-mediation.com\/wp-content\/uploads\/2025\/08\/Screenshot-2025-08-12-at-8.04.16-AM.png 834w, https:\/\/montreal-mediation.com\/wp-content\/uploads\/2025\/08\/Screenshot-2025-08-12-at-8.04.16-AM-204x300.png 204w, https:\/\/montreal-mediation.com\/wp-content\/uploads\/2025\/08\/Screenshot-2025-08-12-at-8.04.16-AM-698x1024.png 698w, https:\/\/montreal-mediation.com\/wp-content\/uploads\/2025\/08\/Screenshot-2025-08-12-at-8.04.16-AM-768x1127.png 768w, https:\/\/montreal-mediation.com\/wp-content\/uploads\/2025\/08\/Screenshot-2025-08-12-at-8.04.16-AM-8x12.png 8w\" sizes=\"auto, (max-width: 198px) 100vw, 198px\" \/>\t\t\t\t\t\t\t\t\t\t\t\t\t\t\t<\/p>\n<p><strong>Un diff\u00e9rend avec un voisin au Qu\u00e9bec ?<\/strong><\/p>\n<p>Du bruit excessif aux querelles de limites, ce guide aide les propri\u00e9taires qu\u00e9b\u00e9cois \u00e0 r\u00e9gler les conflits de voisinage du quotidien sans drame. D\u00e9couvrez vos droits, \u00e9vitez les erreurs juridiques co\u00fbteuses et explorez des solutions intelligentes comme la m\u00e9diation et l\u2019arbitrage.<\/p>\n<p>\t\t\t\t\t<a href=\"https:\/\/www.amazon.ca\/dp\/B0FJXY58B6\/ref=sr_1_2?crid=2ULSVLOKGFLY1&#038;dib=eyJ2IjoiMSJ9.fFNcV4ITOkAIj19H_qQg77IbIrAWPzmJQQ05iMyEoutdoKjBt2GavXnev0TM5a92HUKXGUChqPle94PQvaECK-2EVKXiViUqdBsojm7DxNA.Dbnv_gE31vGs8C77yoXHtqPteRIKBkWO-VxhgveoxaQ&#038;dib_tag=se&#038;keywords=lori+posluns&#038;qid=1753461348&#038;sprefix=lori+poslu%2Caps%2C203&#038;sr=8-2\"><br \/>\n\t\t\t\t\t\t\t\t\tAcheter le livre<br \/>\n\t\t\t\t\t<\/a><br \/>\n\t\t\t\t\t\t\t\t\t\t\t\t\t\t\t<img loading=\"lazy\" decoding=\"async\" width=\"198\" height=\"300\" src=\"https:\/\/montreal-mediation.com\/wp-content\/uploads\/2025\/07\/Screenshot-2025-07-24-at-2.37.40-PM-198x300.png\" alt=\"\" srcset=\"https:\/\/montreal-mediation.com\/wp-content\/uploads\/2025\/07\/Screenshot-2025-07-24-at-2.37.40-PM-198x300.png 198w, https:\/\/montreal-mediation.com\/wp-content\/uploads\/2025\/07\/Screenshot-2025-07-24-at-2.37.40-PM-677x1024.png 677w, https:\/\/montreal-mediation.com\/wp-content\/uploads\/2025\/07\/Screenshot-2025-07-24-at-2.37.40-PM-8x12.png 8w, https:\/\/montreal-mediation.com\/wp-content\/uploads\/2025\/07\/Screenshot-2025-07-24-at-2.37.40-PM.png 766w\" sizes=\"auto, (max-width: 198px) 100vw, 198px\" \/>\t\t\t\t\t\t\t\t\t\t\t\t\t\t\t<\/p>\n<p><strong>Vous pr\u00e9voyez d\u2019acheter, d\u2019inspecter ou de vendre une maison au Qu\u00e9bec ?<\/strong><\/p>\n<p>D\u00e9codez votre rapport d\u2019inspection en toute confiance. Ce guide aide les acheteurs, vendeurs et inspecteurs \u00e0 rep\u00e9rer les signaux d\u2019alerte, \u00e0 comprendre ce qui est s\u00e9rieux (et ce qui ne l\u2019est pas) et \u00e0 \u00e9viter les mauvaises surprises avant et apr\u00e8s la vente.<\/p>\n<p>\t\t\t\t\t<a href=\"https:\/\/www.amazon.ca\/dp\/B0FJY5CD3N\/ref=sr_1_7?crid=2ULSVLOKGFLY1&#038;dib=eyJ2IjoiMSJ9.fFNcV4ITOkAIj19H_qQg77IbIrAWPzmJQQ05iMyEoutdoKjBt2GavXnev0TM5a92HUKXGUChqPle94PQvaECK-2EVKXiViUqdBsojm7DxNA.Dbnv_gE31vGs8C77yoXHtqPteRIKBkWO-VxhgveoxaQ&#038;dib_tag=se&#038;keywords=lori+posluns&#038;qid=1753461348&#038;sprefix=lori+poslu%2Caps%2C203&#038;sr=8-7\"><br \/>\n\t\t\t\t\t\t\t\t\tAcheter le livre<br \/>\n\t\t\t\t\t<\/a><\/p>","protected":false},"excerpt":{"rendered":"<p>Legal Guides for Quebec Property Disputes: Vice Cach\u00e9, Contractor Conflicts, Neighbour Conflicts &amp; Co-Ownership Discover practical legal guides designed for homeowners, buyers, sellers, renovators, and co-owners across Quebec. Whether you\u2019re facing a latent defect (vice cach\u00e9), dealing with a difficult contractor, or navigating co-ownership disputes, these books offer expert insights to help you resolve conflicts [&hellip;]<\/p>\n","protected":false},"author":1,"featured_media":0,"parent":0,"menu_order":0,"comment_status":"closed","ping_status":"closed","template":"","meta":{"_seopress_robots_primary_cat":"","_seopress_titles_title":"Quebec Real Estate Law Books | Hidden Defects & Renovation Disputes","_seopress_titles_desc":"Solve property problems before they cost you. Get expert tools and plain-language books on vice cach\u00e9, renovations, co-ownership, and real estate law in Quebec.","_seopress_robots_index":"","_monsterinsights_skip_tracking":false,"_monsterinsights_sitenote_active":false,"_monsterinsights_sitenote_note":"","_monsterinsights_sitenote_category":0,"footnotes":""},"class_list":["post-571","page","type-page","status-publish","hentry"],"_links":{"self":[{"href":"https:\/\/montreal-mediation.com\/fr\/wp-json\/wp\/v2\/pages\/571","targetHints":{"allow":["GET"]}}],"collection":[{"href":"https:\/\/montreal-mediation.com\/fr\/wp-json\/wp\/v2\/pages"}],"about":[{"href":"https:\/\/montreal-mediation.com\/fr\/wp-json\/wp\/v2\/types\/page"}],"author":[{"embeddable":true,"href":"https:\/\/montreal-mediation.com\/fr\/wp-json\/wp\/v2\/users\/1"}],"replies":[{"embeddable":true,"href":"https:\/\/montreal-mediation.com\/fr\/wp-json\/wp\/v2\/comments?post=571"}],"version-history":[{"count":25,"href":"https:\/\/montreal-mediation.com\/fr\/wp-json\/wp\/v2\/pages\/571\/revisions"}],"predecessor-version":[{"id":716,"href":"https:\/\/montreal-mediation.com\/fr\/wp-json\/wp\/v2\/pages\/571\/revisions\/716"}],"wp:attachment":[{"href":"https:\/\/montreal-mediation.com\/fr\/wp-json\/wp\/v2\/media?parent=571"}],"curies":[{"name":"wp","href":"https:\/\/api.w.org\/{rel}","templated":true}]}}