{"id":58,"date":"2025-04-25T16:50:18","date_gmt":"2025-04-25T16:50:18","guid":{"rendered":"https:\/\/montreal-mediation.com\/?page_id=58"},"modified":"2025-05-07T16:55:12","modified_gmt":"2025-05-07T16:55:12","slug":"arbitration","status":"publish","type":"page","link":"https:\/\/montreal-mediation.com\/fr\/arbitration\/","title":{"rendered":"Arbitrage"},"content":{"rendered":"<h2>ARBITRAGE<\/h2>\n<p>\t\t\t\t\t\t\t\t\t\t\t\t\t\t\t<img loading=\"lazy\" decoding=\"async\" width=\"800\" height=\"534\" src=\"https:\/\/montreal-mediation.com\/wp-content\/uploads\/2025\/04\/1d35db30-ca04-4280-8c40-e8ea72f91052-1024x683.png\" alt=\"\" srcset=\"https:\/\/montreal-mediation.com\/wp-content\/uploads\/2025\/04\/1d35db30-ca04-4280-8c40-e8ea72f91052-1024x683.png 1024w, https:\/\/montreal-mediation.com\/wp-content\/uploads\/2025\/04\/1d35db30-ca04-4280-8c40-e8ea72f91052-300x200.png 300w, https:\/\/montreal-mediation.com\/wp-content\/uploads\/2025\/04\/1d35db30-ca04-4280-8c40-e8ea72f91052-768x512.png 768w, https:\/\/montreal-mediation.com\/wp-content\/uploads\/2025\/04\/1d35db30-ca04-4280-8c40-e8ea72f91052-18x12.png 18w, https:\/\/montreal-mediation.com\/wp-content\/uploads\/2025\/04\/1d35db30-ca04-4280-8c40-e8ea72f91052.png 1536w\" sizes=\"auto, (max-width: 800px) 100vw, 800px\" \/>\t\t\t\t\t\t\t\t\t\t\t\t\t\t\t<\/p>\n<h2 data-start=\"230\" data-end=\"253\">Qu'est-ce que l'arbitrage ?<\/h2>\n<p data-start=\"255\" data-end=\"647\">L'arbitrage est un processus priv\u00e9 et juridiquement contraignant dans lequel des parties en conflit acceptent de soumettre leur diff\u00e9rend \u00e0 un tiers neutre \u2014 un arbitre exp\u00e9riment\u00e9.<\/p>\n<p data-start=\"255\" data-end=\"647\">L\u2019arbitre entend les arguments, examine les preuves et rend une d\u00e9cision finale, un peu comme le ferait un juge au tribunal. Cette d\u00e9cision est juridiquement contraignante et poss\u00e8de la m\u00eame force ex\u00e9cutoire qu\u2019un jugement rendu par un tribunal.<\/p>\n<h2 data-start=\"654\" data-end=\"680\">Pourquoi choisir l\u2019arbitrage?<\/h2>\n<p data-start=\"682\" data-end=\"889\">Tous les conflits n'ont pas besoin d'\u00eatre tranch\u00e9s en cour.<br data-start=\"719\" data-end=\"722\" \/>De nombreux conflits \u2014 notamment ceux li\u00e9s \u00e0 l'immobilier, aux successions, aux contrats commerciaux ou aux partenariats \u2014 peuvent \u00eatre r\u00e9gl\u00e9s efficacement par l'arbitrage.<\/p>\n<p data-start=\"891\" data-end=\"931\"><strong data-start=\"891\" data-end=\"931\">Les principaux avantages de l\u2019arbitrage sont :<\/strong><\/p>\n<ul data-start=\"933\" data-end=\"1498\">\n<li data-start=\"933\" data-end=\"1072\">\n<p data-start=\"935\" data-end=\"1072\"><strong data-start=\"935\" data-end=\"957\">R\u00e9solutions plus rapides:<\/strong>Les proc\u00e9dures judiciaires traditionnelles peuvent durer des mois, voire des ann\u00e9es. L\u2019arbitrage permet souvent de r\u00e9gler les diff\u00e9rends en quelques semaines seulement.<\/p>\n<\/li>\n<li data-start=\"1073\" data-end=\"1208\">\n<p data-start=\"1075\" data-end=\"1208\"><strong data-start=\"1075\" data-end=\"1086\">Confidentialit\u00e9:<\/strong>Les proc\u00e9dures judiciaires sont publiques ; l\u2019arbitrage est confidentiel. Vos affaires commerciales, financi\u00e8res ou personnelles demeurent priv\u00e9es.<\/p>\n<\/li>\n<li data-start=\"1209\" data-end=\"1402\">\n<p data-start=\"1211\" data-end=\"1402\"><strong data-start=\"1211\" data-end=\"1239\">Choix du d\u00e9cideur:<\/strong>Contrairement au tribunal o\u00f9 un juge vous est assign\u00e9, en arbitrage, vous choisissez un arbitre en fonction de son expertise et de son exp\u00e9rience dans votre domaine de litige.<\/p>\n<\/li>\n<li data-start=\"1403\" data-end=\"1498\">\n<p data-start=\"1405\" data-end=\"1498\"><strong data-start=\"1405\" data-end=\"1423\">Solution \u00e9conomique:<\/strong>L\u2019arbitrage co\u00fbte g\u00e9n\u00e9ralement beaucoup moins cher qu\u2019un litige prolong\u00e9.<\/p>\n<\/li>\n<\/ul>\n<h2 data-start=\"1505\" data-end=\"1529\">\u00a0<\/h2>\n<h2 data-start=\"1505\" data-end=\"1529\">Comment fonctionne l\u2019arbitrage<\/h2>\n<ul data-start=\"1531\" data-end=\"1825\">\n<li data-start=\"1531\" data-end=\"1574\">\n<p data-start=\"1533\" data-end=\"1574\">Les deux parties doivent consentir \u00e0 l\u2019arbitrage.<\/p>\n<\/li>\n<li data-start=\"1575\" data-end=\"1645\">\n<p data-start=\"1577\" data-end=\"1645\">Vous choisissez un arbitre poss\u00e9dant les comp\u00e9tences pertinentes pour votre litige.<\/p>\n<\/li>\n<li data-start=\"1646\" data-end=\"1759\">\n<p data-start=\"1648\" data-end=\"1759\">L\u2019arbitre examine les soumissions \u00e9crites, \u00e9coute les preuves et les arguments, puis rend une d\u00e9cision contraignante.<\/p>\n<\/li>\n<li data-start=\"1760\" data-end=\"1825\">\n<p data-start=\"1762\" data-end=\"1825\">Le processus est flexible, efficace et adapt\u00e9 \u00e0 vos besoins.<\/p>\n<\/li>\n<\/ul>\n<p data-start=\"1827\" data-end=\"1954\">Arbitrators&#8217; fees vary depending on their experience and specialization. Le Centre de M\u00e9diation de Montr\u00e9al&#8217;s rates are between $300 to $550.<\/p>\n<h2 data-start=\"1961\" data-end=\"1988\">\u00a0<\/h2>\n<h2 data-start=\"1961\" data-end=\"1988\">Pensez-vous \u00e0 l\u2019arbitrage ?<\/h2>\n<p data-start=\"1990\" data-end=\"2124\">Si vous recherchez une alternative plus rapide, plus priv\u00e9e et plus \u00e9conomique au recours judiciaire, l\u2019arbitrage pourrait \u00eatre la solution id\u00e9ale.<\/p>\n<p data-start=\"2126\" data-end=\"2155\">\u00a0<\/p>\n<p>\t\t\t\t\t<a href=\"#\"><br \/>\n\t\t\t\t\t\t\t\t\tNOUS JOINDRE<br \/>\n\t\t\t\t\t<\/a><\/p>","protected":false},"excerpt":{"rendered":"<p>ARBITRATION What is Arbitration? Arbitration is a private, legally binding process where parties in dispute agree to submit their conflict to a neutral third party \u2014 an experienced arbitrator. The arbitrator hears arguments, reviews evidence, and renders a final decision, much like a judge would in court. The decision is legally binding and carries the [&hellip;]<\/p>\n","protected":false},"author":1,"featured_media":0,"parent":0,"menu_order":0,"comment_status":"closed","ping_status":"closed","template":"","meta":{"_seopress_robots_primary_cat":"","_seopress_titles_title":"","_seopress_titles_desc":"","_seopress_robots_index":"","_monsterinsights_skip_tracking":false,"_monsterinsights_sitenote_active":false,"_monsterinsights_sitenote_note":"","_monsterinsights_sitenote_category":0,"footnotes":""},"class_list":["post-58","page","type-page","status-publish","hentry"],"_links":{"self":[{"href":"https:\/\/montreal-mediation.com\/fr\/wp-json\/wp\/v2\/pages\/58","targetHints":{"allow":["GET"]}}],"collection":[{"href":"https:\/\/montreal-mediation.com\/fr\/wp-json\/wp\/v2\/pages"}],"about":[{"href":"https:\/\/montreal-mediation.com\/fr\/wp-json\/wp\/v2\/types\/page"}],"author":[{"embeddable":true,"href":"https:\/\/montreal-mediation.com\/fr\/wp-json\/wp\/v2\/users\/1"}],"replies":[{"embeddable":true,"href":"https:\/\/montreal-mediation.com\/fr\/wp-json\/wp\/v2\/comments?post=58"}],"version-history":[{"count":22,"href":"https:\/\/montreal-mediation.com\/fr\/wp-json\/wp\/v2\/pages\/58\/revisions"}],"predecessor-version":[{"id":299,"href":"https:\/\/montreal-mediation.com\/fr\/wp-json\/wp\/v2\/pages\/58\/revisions\/299"}],"wp:attachment":[{"href":"https:\/\/montreal-mediation.com\/fr\/wp-json\/wp\/v2\/media?parent=58"}],"curies":[{"name":"wp","href":"https:\/\/api.w.org\/{rel}","templated":true}]}}