{"id":60,"date":"2025-04-25T16:51:45","date_gmt":"2025-04-25T16:51:45","guid":{"rendered":"https:\/\/montreal-mediation.com\/?page_id=60"},"modified":"2025-05-28T21:33:45","modified_gmt":"2025-05-28T21:33:45","slug":"workplace","status":"publish","type":"page","link":"https:\/\/montreal-mediation.com\/fr\/workplace\/","title":{"rendered":"CM\u00b3 \u2013 RH"},"content":{"rendered":"<h1>Encourager des relations d\u2019affaires harmonieuses<\/h1>\n<h2>CM\u00b3 \u2013 HR : Practical HR Support for Real-World Workplaces<\/h2>\n<p data-start=\"179\" data-end=\"453\">Au Centre de M\u00e9diation de Montr\u00e9al, nous avons constat\u00e9 un fait r\u00e9current : des entreprises bien intentionn\u00e9es qui, malgr\u00e9 leurs efforts, n\u2019arrivent pas toujours \u00e0 faire les bons choix. C\u2019est pourquoi nous avons cr\u00e9\u00e9 CM\u00b3 \u2013 RH, une division d\u00e9di\u00e9e \u00e0 accompagner les organisations dans leurs enjeux RH avec clart\u00e9, \u00e9coute et conformit\u00e9.<\/p>\n<p data-start=\"455\" data-end=\"690\">Avec plus de 20 ans d\u2019exp\u00e9rience combin\u00e9e en droit, en r\u00e9solution de conflits et en gestion organisationnelle, nous agissons comme votre partenaire RH sur appel, pr\u00eat \u00e0 vous accompagner dans les situations d\u00e9licates et \u00e0 vous aider \u00e0 b\u00e2tir des milieux de travail plus solides et plus sains.<\/p>\n<h2> Nos services<\/h2>\n<ul>\n<li data-start=\"719\" data-end=\"746\">\n<p data-start=\"721\" data-end=\"746\">Conseil strat\u00e9gique en ressources humaines<\/p>\n<\/li>\n<li data-start=\"747\" data-end=\"804\">\n<p data-start=\"749\" data-end=\"804\">R\u00e9daction et audit des politiques internes et des contrats<\/p>\n<\/li>\n<li data-start=\"805\" data-end=\"876\">\n<p data-start=\"807\" data-end=\"876\">Soutien dans la gestion des plaintes, enqu\u00eates et mesures d\u2019accommodement<\/p>\n<\/li>\n<li data-start=\"877\" data-end=\"930\">\n<p data-start=\"879\" data-end=\"930\">Coaching et formation des gestionnaires et responsables<\/p>\n<\/li>\n<li data-start=\"931\" data-end=\"984\">\n<p data-start=\"933\" data-end=\"984\">Accompagnement dans les mesures disciplinaires et la documentation<\/p>\n<\/li>\n<li data-start=\"985\" data-end=\"1032\">\n<p data-start=\"987\" data-end=\"1032\">M\u00e9diation et r\u00e9solution de conflits en milieu de travail<\/p>\n<\/li>\n<\/ul>\n<h2>Pourquoi faire appel \u00e0 nous ?<\/h2>\n<p>Parce que nous comprenons vos enjeux.<br data-start=\"1083\" data-end=\"1086\" \/>Vous voulez prot\u00e9ger vos employ\u00e9s et votre entreprise. Nous vous aidons \u00e0 faire les deux \u2014 de mani\u00e8re l\u00e9gale, humaine et concr\u00e8te.<\/p>\n<p data-start=\"1236\" data-end=\"1326\">Que vous cherchiez un avis, un accompagnement ponctuel ou un soutien RH complet \u2014 nous sommes l\u00e0.<\/p>\n<p data-start=\"1328\" data-end=\"1391\">Un appel gratuit pour voir comment CM\u00b3 \u2013 RH peut vous accompagner.<\/p>\n<h2>Let&#8217;s Work Together<\/h2>\n<p>\t\t\t\t\t<a role=\"button\"><br \/>\n\t\t\t\t\t\t\t\t\tContactez-Nous<br \/>\n\t\t\t\t\t<\/a><\/p>","protected":false},"excerpt":{"rendered":"<p>Supporting Business Harmony CM\u00b3 \u2013 HR : Practical HR Support for Real-World Workplaces At Le Centre de M\u00e9diation de Montr\u00e9al, we saw a pattern: good companies trying to do the right thing, but still missing the mark. That\u2019s why we created\u00a0 CM\u00b3 &#8211; HR a dedicated division to help organizations navigate HR challenges with clarity, [&hellip;]<\/p>\n","protected":false},"author":1,"featured_media":0,"parent":0,"menu_order":0,"comment_status":"closed","ping_status":"closed","template":"","meta":{"_seopress_robots_primary_cat":"","_seopress_titles_title":"","_seopress_titles_desc":"","_seopress_robots_index":"","_monsterinsights_skip_tracking":false,"_monsterinsights_sitenote_active":false,"_monsterinsights_sitenote_note":"","_monsterinsights_sitenote_category":0,"footnotes":""},"class_list":["post-60","page","type-page","status-publish","hentry"],"_links":{"self":[{"href":"https:\/\/montreal-mediation.com\/fr\/wp-json\/wp\/v2\/pages\/60","targetHints":{"allow":["GET"]}}],"collection":[{"href":"https:\/\/montreal-mediation.com\/fr\/wp-json\/wp\/v2\/pages"}],"about":[{"href":"https:\/\/montreal-mediation.com\/fr\/wp-json\/wp\/v2\/types\/page"}],"author":[{"embeddable":true,"href":"https:\/\/montreal-mediation.com\/fr\/wp-json\/wp\/v2\/users\/1"}],"replies":[{"embeddable":true,"href":"https:\/\/montreal-mediation.com\/fr\/wp-json\/wp\/v2\/comments?post=60"}],"version-history":[{"count":25,"href":"https:\/\/montreal-mediation.com\/fr\/wp-json\/wp\/v2\/pages\/60\/revisions"}],"predecessor-version":[{"id":521,"href":"https:\/\/montreal-mediation.com\/fr\/wp-json\/wp\/v2\/pages\/60\/revisions\/521"}],"wp:attachment":[{"href":"https:\/\/montreal-mediation.com\/fr\/wp-json\/wp\/v2\/media?parent=60"}],"curies":[{"name":"wp","href":"https:\/\/api.w.org\/{rel}","templated":true}]}}